{"id":17,"date":"2015-04-17T23:02:32","date_gmt":"2015-04-17T21:02:32","guid":{"rendered":"http:\/\/www.trio-tango-palatino.de\/?page_id=17"},"modified":"2015-04-17T23:28:46","modified_gmt":"2015-04-17T21:28:46","slug":"hoerprobe","status":"publish","type":"page","link":"https:\/\/www.trio-tango-palatino.de\/?page_id=17","title":{"rendered":"H\u00f6rprobe"},"content":{"rendered":"<p>Wir bieten eine kleine Auswahl unsere Musik als H\u00f6rproben an. Es sind St\u00fccke aus der aktuellen CD<\/p>\n<p style=\"text-align: center;\"><strong>&#8222;Les Amoureux de Novembre&#8220;<\/strong><\/p>\n<p>01: Amor Perdido<\/p>\n<script type=\"text\/javascript\">AudioPlayer.setup(\"https:\/\/www.trio-tango-palatino.de\/wp-content\/plugins\/simple-audio-player\/player\/player.swf\", { width: 290 });<\/script><p id=\"audioplayer_7642\"><audio controls><source src=\"http:\/\/www.trio-tango-palatino.de\/wp-content\/uploads\/2015\/04\/Amor_Perdido.mp3\" type=\"audio\/mpeg\"><\/audio><\/p><p><script type=\"text\/javascript\">AudioPlayer.embed(\"audioplayer_7642\", {soundFile: \"http:\/\/www.trio-tango-palatino.de\/wp-content\/uploads\/2015\/04\/Amor_Perdido.mp3\",  artists: \"Trio Tango Palatino\", titles: \"Amor Perdido\", autostart: \"no\", loop: \"no\", animation: \"yes\", remaining: \"yes\", noinfo: \"no\", initialvolume: \"70\", buffer: \"5\", encode: \"no\", checkpolicy: \"no\", rtl: \"no\", width: \"100%\", transparentpagebg: \"no\", bg: \"E5E5E5\", leftbg: \"CCCCCC\", lefticon: \"333333\", voltrack: \"F2F2F2\", volslider: \"666666\", rightbg: \"B4B4B4\", rightbghover: \"999999\", righticon: \"333333\", righticonhover: \"FFFFFF\", loader: \"009900\", track: \"FFFFFF\", tracker: \"DDDDDD\", border: \"CCCCCC\", skip: \"666666\", text: \"333333\"});<\/script><\/p>\n<p>02: Chocolat<\/p>\n<script type=\"text\/javascript\">AudioPlayer.setup(\"https:\/\/www.trio-tango-palatino.de\/wp-content\/plugins\/simple-audio-player\/player\/player.swf\", { width: 290 });<\/script><p id=\"audioplayer_8197\"><audio controls><source src=\"http:\/\/www.trio-tango-palatino.de\/wp-content\/uploads\/2015\/04\/Chocolat.mp3\" type=\"audio\/mpeg\"><\/audio><\/p><p><script type=\"text\/javascript\">AudioPlayer.embed(\"audioplayer_8197\", {soundFile: \"http:\/\/www.trio-tango-palatino.de\/wp-content\/uploads\/2015\/04\/Chocolat.mp3\",  artists: \"Trio Tango Palatino\", titles: \"Chocolat\", autostart: \"no\", loop: \"no\", animation: \"yes\", remaining: \"yes\", noinfo: \"no\", initialvolume: \"70\", buffer: \"5\", encode: \"no\", checkpolicy: \"no\", rtl: \"no\", width: \"100%\", transparentpagebg: \"no\", bg: \"E5E5E5\", leftbg: \"CCCCCC\", lefticon: \"333333\", voltrack: \"F2F2F2\", volslider: \"666666\", rightbg: \"B4B4B4\", rightbghover: \"999999\", righticon: \"333333\", righticonhover: \"FFFFFF\", loader: \"009900\", track: \"FFFFFF\", tracker: \"DDDDDD\", border: \"CCCCCC\", skip: \"666666\", text: \"333333\"});<\/script><\/p>\n<p>03: Libertango<\/p>\n<script type=\"text\/javascript\">AudioPlayer.setup(\"https:\/\/www.trio-tango-palatino.de\/wp-content\/plugins\/simple-audio-player\/player\/player.swf\", { width: 290 });<\/script><p id=\"audioplayer_8596\"><audio controls><source src=\"http:\/\/www.trio-tango-palatino.de\/wp-content\/uploads\/2015\/04\/Libertango.mp3\" type=\"audio\/mpeg\"><\/audio><\/p><p><script type=\"text\/javascript\">AudioPlayer.embed(\"audioplayer_8596\", {soundFile: \"http:\/\/www.trio-tango-palatino.de\/wp-content\/uploads\/2015\/04\/Libertango.mp3\",  artists: \"Trio Tango Palatino\", titles: \"Libertango\", autostart: \"no\", loop: \"no\", animation: \"yes\", remaining: \"yes\", noinfo: \"no\", initialvolume: \"70\", buffer: \"5\", encode: \"no\", checkpolicy: \"no\", rtl: \"no\", width: \"100%\", transparentpagebg: \"no\", bg: \"E5E5E5\", leftbg: \"CCCCCC\", lefticon: \"333333\", voltrack: \"F2F2F2\", volslider: \"666666\", rightbg: \"B4B4B4\", rightbghover: \"999999\", righticon: \"333333\", righticonhover: \"FFFFFF\", loader: \"009900\", track: \"FFFFFF\", tracker: \"DDDDDD\", border: \"CCCCCC\", skip: \"666666\", text: \"333333\"});<\/script><\/p>\n","protected":false},"excerpt":{"rendered":"<p>Wir bieten eine kleine Auswahl unsere Musik als H\u00f6rproben an. Es sind St\u00fccke aus der aktuellen CD &#8222;Les Amoureux de Novembre&#8220; 01: Amor Perdido 02: Chocolat 03: Libertango<\/p>\n","protected":false},"author":1,"featured_media":0,"parent":0,"menu_order":0,"comment_status":"closed","ping_status":"closed","template":"tmp-one-column.php","meta":{"footnotes":""},"_links":{"self":[{"href":"https:\/\/www.trio-tango-palatino.de\/index.php?rest_route=\/wp\/v2\/pages\/17"}],"collection":[{"href":"https:\/\/www.trio-tango-palatino.de\/index.php?rest_route=\/wp\/v2\/pages"}],"about":[{"href":"https:\/\/www.trio-tango-palatino.de\/index.php?rest_route=\/wp\/v2\/types\/page"}],"author":[{"embeddable":true,"href":"https:\/\/www.trio-tango-palatino.de\/index.php?rest_route=\/wp\/v2\/users\/1"}],"replies":[{"embeddable":true,"href":"https:\/\/www.trio-tango-palatino.de\/index.php?rest_route=%2Fwp%2Fv2%2Fcomments&post=17"}],"version-history":[{"count":11,"href":"https:\/\/www.trio-tango-palatino.de\/index.php?rest_route=\/wp\/v2\/pages\/17\/revisions"}],"predecessor-version":[{"id":41,"href":"https:\/\/www.trio-tango-palatino.de\/index.php?rest_route=\/wp\/v2\/pages\/17\/revisions\/41"}],"wp:attachment":[{"href":"https:\/\/www.trio-tango-palatino.de\/index.php?rest_route=%2Fwp%2Fv2%2Fmedia&parent=17"}],"curies":[{"name":"wp","href":"https:\/\/api.w.org\/{rel}","templated":true}]}}